{"id":2198,"date":"2025-12-02T11:43:00","date_gmt":"2025-12-02T10:43:00","guid":{"rendered":"https:\/\/atalayaworldwide.com\/ponte-en-contacto\/"},"modified":"2025-12-22T14:21:12","modified_gmt":"2025-12-22T13:21:12","slug":"ponte-en-contacto","status":"publish","type":"page","link":"https:\/\/atalayaworldwide.com\/es\/ponte-en-contacto\/","title":{"rendered":"Ponte en contacto"},"content":{"rendered":"\t\t<div data-elementor-type=\"wp-page\" data-elementor-id=\"2198\" class=\"elementor elementor-2198 elementor-927\" data-elementor-post-type=\"page\">\n\t\t\t\t<div class=\"elementor-element elementor-element-bbe41eb e-flex e-con-boxed e-con e-parent\" data-id=\"bbe41eb\" data-element_type=\"container\" data-e-type=\"container\" data-settings=\"{&quot;background_background&quot;:&quot;classic&quot;}\">\n\t\t\t\t\t<div class=\"e-con-inner\">\n\t\t<div class=\"elementor-element elementor-element-3bf4740 e-con-full e-flex e-con e-child\" data-id=\"3bf4740\" data-element_type=\"container\" data-e-type=\"container\">\n\t\t\t\t<div class=\"elementor-element elementor-element-1c1f073 elementor-widget elementor-widget-heading\" data-id=\"1c1f073\" data-element_type=\"widget\" data-e-type=\"widget\" data-widget_type=\"heading.default\">\n\t\t\t\t<div class=\"elementor-widget-container\">\n\t\t\t\t\t<h1 class=\"elementor-heading-title elementor-size-default\">Equipo global, visi\u00f3n local.<\/h1>\t\t\t\t<\/div>\n\t\t\t\t<\/div>\n\t\t\t\t<\/div>\n\t\t\t\t\t<\/div>\n\t\t\t\t<\/div>\n\t\t<div class=\"elementor-element elementor-element-ebcfcb5 e-flex e-con-boxed e-con e-parent\" data-id=\"ebcfcb5\" data-element_type=\"container\" data-e-type=\"container\" data-settings=\"{&quot;background_background&quot;:&quot;classic&quot;}\">\n\t\t\t\t\t<div class=\"e-con-inner\">\n\t\t<div class=\"elementor-element elementor-element-3a2dc99 e-con-full e-flex e-con e-child\" data-id=\"3a2dc99\" data-element_type=\"container\" data-e-type=\"container\">\n\t\t<div class=\"elementor-element elementor-element-12b1238 e-con-full e-flex e-con e-child\" data-id=\"12b1238\" data-element_type=\"container\" data-e-type=\"container\">\n\t\t\t\t<div class=\"elementor-element elementor-element-23bd0f1 elementor-widget elementor-widget-heading\" data-id=\"23bd0f1\" data-element_type=\"widget\" data-e-type=\"widget\" data-widget_type=\"heading.default\">\n\t\t\t\t<div class=\"elementor-widget-container\">\n\t\t\t\t\t<h2 class=\"elementor-heading-title elementor-size-default\"><b>Contacta con el equipo<\/b><\/h2>\t\t\t\t<\/div>\n\t\t\t\t<\/div>\n\t\t\t\t<div class=\"elementor-element elementor-element-7aeaf23 elementor-widget elementor-widget-heading\" data-id=\"7aeaf23\" data-element_type=\"widget\" data-e-type=\"widget\" data-widget_type=\"heading.default\">\n\t\t\t\t<div class=\"elementor-widget-container\">\n\t\t\t\t\t<p class=\"elementor-heading-title elementor-size-default\">Proyectos, prensa o asociaciones.<\/p>\t\t\t\t<\/div>\n\t\t\t\t<\/div>\n\t\t\t\t<div class=\"elementor-element elementor-element-236a212 elementor-button-align-stretch elementor-widget elementor-widget-form\" data-id=\"236a212\" data-element_type=\"widget\" data-e-type=\"widget\" data-settings=\"{&quot;step_next_label&quot;:&quot;Siguiente&quot;,&quot;step_previous_label&quot;:&quot;Anterior&quot;,&quot;button_width&quot;:&quot;100&quot;,&quot;step_type&quot;:&quot;number_text&quot;,&quot;step_icon_shape&quot;:&quot;circle&quot;}\" data-widget_type=\"form.default\">\n\t\t\t\t<div class=\"elementor-widget-container\">\n\t\t\t\t\t\t\t<form class=\"elementor-form\" method=\"post\" name=\"Nuevo formulario\" aria-label=\"Nuevo formulario\">\n\t\t\t<input type=\"hidden\" name=\"post_id\" value=\"2198\"\/>\n\t\t\t<input type=\"hidden\" name=\"form_id\" value=\"236a212\"\/>\n\t\t\t<input type=\"hidden\" name=\"referer_title\" value=\"\u25b7Ponte en contacto - \u3010 Atalaya \u3011\" \/>\n\n\t\t\t\t\t\t\t<input type=\"hidden\" name=\"queried_id\" value=\"2198\"\/>\n\t\t\t\n\t\t\t<div class=\"elementor-form-fields-wrapper elementor-labels-\">\n\t\t\t\t\t\t\t\t<div class=\"elementor-field-type-text elementor-field-group elementor-column elementor-field-group-name elementor-col-50\">\n\t\t\t\t\t\t\t\t\t\t\t\t<label for=\"form-field-name\" class=\"elementor-field-label elementor-screen-only\">\n\t\t\t\t\t\t\t\tNombre\t\t\t\t\t\t\t<\/label>\n\t\t\t\t\t\t\t\t\t\t\t\t\t\t<input size=\"1\" type=\"text\" name=\"form_fields[name]\" id=\"form-field-name\" class=\"elementor-field elementor-size-sm  elementor-field-textual\" placeholder=\"Nombre\">\n\t\t\t\t\t\t\t\t\t\t\t<\/div>\n\t\t\t\t\t\t\t\t<div class=\"elementor-field-type-email elementor-field-group elementor-column elementor-field-group-email elementor-col-50 elementor-field-required\">\n\t\t\t\t\t\t\t\t\t\t\t\t<label for=\"form-field-email\" class=\"elementor-field-label elementor-screen-only\">\n\t\t\t\t\t\t\t\tEnv\u00eda un correo electr\u00f3nico a\t\t\t\t\t\t\t<\/label>\n\t\t\t\t\t\t\t\t\t\t\t\t\t\t<input size=\"1\" type=\"email\" name=\"form_fields[email]\" id=\"form-field-email\" class=\"elementor-field elementor-size-sm  elementor-field-textual\" placeholder=\"Env\u00eda un correo electr\u00f3nico a\" required=\"required\">\n\t\t\t\t\t\t\t\t\t\t\t<\/div>\n\t\t\t\t\t\t\t\t<div class=\"elementor-field-type-textarea elementor-field-group elementor-column elementor-field-group-message elementor-col-100\">\n\t\t\t\t\t\t\t\t\t\t\t\t<label for=\"form-field-message\" class=\"elementor-field-label elementor-screen-only\">\n\t\t\t\t\t\t\t\tMensaje\t\t\t\t\t\t\t<\/label>\n\t\t\t\t\t\t<textarea class=\"elementor-field-textual elementor-field  elementor-size-sm\" name=\"form_fields[message]\" id=\"form-field-message\" rows=\"4\" placeholder=\"Deja aqu\u00ed tus comentarios\"><\/textarea>\t\t\t\t<\/div>\n\t\t\t\t\t\t\t\t<div class=\"elementor-field-type-acceptance elementor-field-group elementor-column elementor-field-group-acceptance elementor-col-100\">\n\t\t\t\t\t\t\t<div class=\"elementor-field-subgroup\">\n\t\t\t<span class=\"elementor-field-option\">\n\t\t\t\t<input type=\"checkbox\" name=\"form_fields[acceptance]\" id=\"form-field-acceptance\" class=\"elementor-field elementor-size-sm  elementor-acceptance-field\">\n\t\t\t\t<label for=\"form-field-acceptance\">Entiendo y acepto la <a href=\"https:\/\/atalayaworldwide.com\/es\/politica-de-privacidad\/\">pol\u00edtica de privacidad<\/a>.<\/label>\t\t\t<\/span>\n\t\t<\/div>\n\t\t\t\t\t\t<\/div>\n\t\t\t\t\t\t\t\t<div class=\"elementor-field-group elementor-column elementor-field-type-submit elementor-col-100 e-form__buttons\">\n\t\t\t\t\t<button class=\"elementor-button elementor-size-sm\" type=\"submit\">\n\t\t\t\t\t\t<span class=\"elementor-button-content-wrapper\">\n\t\t\t\t\t\t\t\t\t\t\t\t\t\t\t\t\t\t\t\t\t\t<span class=\"elementor-button-text\">Env\u00eda<\/span>\n\t\t\t\t\t\t\t\t\t\t\t\t\t<\/span>\n\t\t\t\t\t<\/button>\n\t\t\t\t<\/div>\n\t\t\t<\/div>\n\t\t<\/form>\n\t\t\t\t\t\t<\/div>\n\t\t\t\t<\/div>\n\t\t\t\t<\/div>\n\t\t<div class=\"elementor-element elementor-element-64596be e-con-full e-flex e-con e-child\" data-id=\"64596be\" data-element_type=\"container\" data-e-type=\"container\" data-settings=\"{&quot;background_background&quot;:&quot;classic&quot;}\">\n\t\t\t\t<\/div>\n\t\t\t\t<\/div>\n\t\t<div class=\"elementor-element elementor-element-4f66acc e-con-full e-flex e-con e-child\" data-id=\"4f66acc\" data-element_type=\"container\" data-e-type=\"container\">\n\t\t<div class=\"elementor-element elementor-element-3d6a5de e-con-full e-flex e-con e-child\" data-id=\"3d6a5de\" data-element_type=\"container\" data-e-type=\"container\">\n\t\t\t\t<div class=\"elementor-element elementor-element-3e89a89 elementor-widget elementor-widget-heading\" data-id=\"3e89a89\" data-element_type=\"widget\" data-e-type=\"widget\" data-widget_type=\"heading.default\">\n\t\t\t\t<div class=\"elementor-widget-container\">\n\t\t\t\t\t<h2 class=\"elementor-heading-title elementor-size-default\"><b>D\u00f3nde estamos<\/b><\/h2>\t\t\t\t<\/div>\n\t\t\t\t<\/div>\n\t\t\t\t<div class=\"elementor-element elementor-element-264a644 elementor-widget elementor-widget-heading\" data-id=\"264a644\" data-element_type=\"widget\" data-e-type=\"widget\" data-widget_type=\"heading.default\">\n\t\t\t\t<div class=\"elementor-widget-container\">\n\t\t\t\t\t<p class=\"elementor-heading-title elementor-size-default\">Encu\u00e9ntranos en nuestra sede.<\/p>\t\t\t\t<\/div>\n\t\t\t\t<\/div>\n\t\t<div class=\"elementor-element elementor-element-526ae40 e-con-full e-flex e-con e-child\" data-id=\"526ae40\" data-element_type=\"container\" data-e-type=\"container\">\n\t\t\t\t<div class=\"elementor-element elementor-element-481ee16 elementor-icon-list--layout-traditional elementor-list-item-link-full_width elementor-widget elementor-widget-icon-list\" data-id=\"481ee16\" data-element_type=\"widget\" data-e-type=\"widget\" data-widget_type=\"icon-list.default\">\n\t\t\t\t<div class=\"elementor-widget-container\">\n\t\t\t\t\t\t\t<ul class=\"elementor-icon-list-items\">\n\t\t\t\t\t\t\t<li class=\"elementor-icon-list-item\">\n\t\t\t\t\t\t\t\t\t\t\t<span class=\"elementor-icon-list-icon\">\n\t\t\t\t\t\t\t<svg xmlns=\"http:\/\/www.w3.org\/2000\/svg\" width=\"19\" height=\"24\" viewBox=\"0 0 19 24\" fill=\"none\"><path d=\"M9.33333 11.6667C9.975 11.6667 10.5243 11.4382 10.9812 10.9812C11.4382 10.5243 11.6667 9.975 11.6667 9.33333C11.6667 8.69167 11.4382 8.14236 10.9812 7.68542C10.5243 7.22847 9.975 7 9.33333 7C8.69167 7 8.14236 7.22847 7.68542 7.68542C7.22847 8.14236 7 8.69167 7 9.33333C7 9.975 7.22847 10.5243 7.68542 10.9812C8.14236 11.4382 8.69167 11.6667 9.33333 11.6667ZM9.33333 20.2417C11.7056 18.0639 13.4653 16.0854 14.6125 14.3062C15.7597 12.5271 16.3333 10.9472 16.3333 9.56667C16.3333 7.44722 15.6576 5.71181 14.3062 4.36042C12.9549 3.00903 11.2972 2.33333 9.33333 2.33333C7.36944 2.33333 5.71181 3.00903 4.36042 4.36042C3.00903 5.71181 2.33333 7.44722 2.33333 9.56667C2.33333 10.9472 2.90694 12.5271 4.05417 14.3062C5.20139 16.0854 6.96111 18.0639 9.33333 20.2417ZM9.33333 23.3333C6.20278 20.6694 3.86458 18.1951 2.31875 15.9104C0.772917 13.6257 0 11.5111 0 9.56667C0 6.65 0.938194 4.32639 2.81458 2.59583C4.69097 0.865278 6.86389 0 9.33333 0C11.8028 0 13.9757 0.865278 15.8521 2.59583C17.7285 4.32639 18.6667 6.65 18.6667 9.56667C18.6667 11.5111 17.8937 13.6257 16.3479 15.9104C14.8021 18.1951 12.4639 20.6694 9.33333 23.3333Z\" fill=\"#A38865\"><\/path><\/svg>\t\t\t\t\t\t<\/span>\n\t\t\t\t\t\t\t\t\t\t<span class=\"elementor-icon-list-text\"><b>Espa\u00f1a<\/b><\/span>\n\t\t\t\t\t\t\t\t\t<\/li>\n\t\t\t\t\t\t<\/ul>\n\t\t\t\t\t\t<\/div>\n\t\t\t\t<\/div>\n\t\t\t\t<div class=\"elementor-element elementor-element-5085d09 elementor-icon-list--layout-traditional elementor-list-item-link-full_width elementor-widget elementor-widget-icon-list\" data-id=\"5085d09\" data-element_type=\"widget\" data-e-type=\"widget\" data-widget_type=\"icon-list.default\">\n\t\t\t\t<div class=\"elementor-widget-container\">\n\t\t\t\t\t\t\t<ul class=\"elementor-icon-list-items\">\n\t\t\t\t\t\t\t<li class=\"elementor-icon-list-item\">\n\t\t\t\t\t\t\t\t\t\t<span class=\"elementor-icon-list-text\">Calle N\u00fa\u00f1ez del Balboa, 37,<br> Planta 4, Puerta Iz., 28001 Madrid<\/span>\n\t\t\t\t\t\t\t\t\t<\/li>\n\t\t\t\t\t\t\t\t<li class=\"elementor-icon-list-item\">\n\t\t\t\t\t\t\t\t\t\t<span class=\"elementor-icon-list-text\"><b>Contacta por WhatsApp:<br><span class=\"hover_black\"><a href=\"https:\/\/wa.me\/34603271254\"> +34 603 27 12 54<\/a><\/span><\/b><\/span>\n\t\t\t\t\t\t\t\t\t<\/li>\n\t\t\t\t\t\t<\/ul>\n\t\t\t\t\t\t<\/div>\n\t\t\t\t<\/div>\n\t\t\t\t<\/div>\n\t\t\t\t<\/div>\n\t\t<div class=\"elementor-element elementor-element-3b3904c e-con-full e-flex e-con e-child\" data-id=\"3b3904c\" data-element_type=\"container\" data-e-type=\"container\" data-settings=\"{&quot;background_background&quot;:&quot;classic&quot;}\">\n\t\t\t\t<div class=\"elementor-element elementor-element-0c35bec elementor-widget elementor-widget-google_maps\" data-id=\"0c35bec\" data-element_type=\"widget\" data-e-type=\"widget\" data-widget_type=\"google_maps.default\">\n\t\t\t\t<div class=\"elementor-widget-container\">\n\t\t\t\t\t\t\t<div class=\"elementor-custom-embed\">\n\t\t\t<iframe loading=\"lazy\"\n\t\t\t\t\tsrc=\"https:\/\/maps.google.com\/maps?q=Calle%20N%C3%BA%C3%B1ez%20del%20Balboa%2C%2037%2C%20Planta%204%2C%2028001%20Madrid&#038;t=m&#038;z=17&#038;output=embed&#038;iwloc=near\"\n\t\t\t\t\ttitle=\"Calle N\u00fa\u00f1ez del Balboa, 37, Planta 4, 28001 Madrid\"\n\t\t\t\t\taria-label=\"Calle N\u00fa\u00f1ez del Balboa, 37, Planta 4, 28001 Madrid\"\n\t\t\t><\/iframe>\n\t\t<\/div>\n\t\t\t\t\t\t<\/div>\n\t\t\t\t<\/div>\n\t\t\t\t<\/div>\n\t\t\t\t<\/div>\n\t\t<div class=\"elementor-element elementor-element-5d0e035 e-con-full e-flex e-con e-child\" data-id=\"5d0e035\" data-element_type=\"container\" data-e-type=\"container\">\n\t\t<div class=\"elementor-element elementor-element-d595477 e-con-full e-flex e-con e-child\" data-id=\"d595477\" data-element_type=\"container\" data-e-type=\"container\">\n\t\t<div class=\"elementor-element elementor-element-02567b0 e-con-full e-flex e-con e-child\" data-id=\"02567b0\" data-element_type=\"container\" data-e-type=\"container\">\n\t\t\t\t<div class=\"elementor-element elementor-element-f627550 elementor-icon-list--layout-traditional elementor-list-item-link-full_width elementor-widget elementor-widget-icon-list\" data-id=\"f627550\" data-element_type=\"widget\" data-e-type=\"widget\" data-widget_type=\"icon-list.default\">\n\t\t\t\t<div class=\"elementor-widget-container\">\n\t\t\t\t\t\t\t<ul class=\"elementor-icon-list-items\">\n\t\t\t\t\t\t\t<li class=\"elementor-icon-list-item\">\n\t\t\t\t\t\t\t\t\t\t\t<span class=\"elementor-icon-list-icon\">\n\t\t\t\t\t\t\t<svg xmlns=\"http:\/\/www.w3.org\/2000\/svg\" width=\"19\" height=\"24\" viewBox=\"0 0 19 24\" fill=\"none\"><path d=\"M9.33333 11.6667C9.975 11.6667 10.5243 11.4382 10.9812 10.9812C11.4382 10.5243 11.6667 9.975 11.6667 9.33333C11.6667 8.69167 11.4382 8.14236 10.9812 7.68542C10.5243 7.22847 9.975 7 9.33333 7C8.69167 7 8.14236 7.22847 7.68542 7.68542C7.22847 8.14236 7 8.69167 7 9.33333C7 9.975 7.22847 10.5243 7.68542 10.9812C8.14236 11.4382 8.69167 11.6667 9.33333 11.6667ZM9.33333 20.2417C11.7056 18.0639 13.4653 16.0854 14.6125 14.3062C15.7597 12.5271 16.3333 10.9472 16.3333 9.56667C16.3333 7.44722 15.6576 5.71181 14.3062 4.36042C12.9549 3.00903 11.2972 2.33333 9.33333 2.33333C7.36944 2.33333 5.71181 3.00903 4.36042 4.36042C3.00903 5.71181 2.33333 7.44722 2.33333 9.56667C2.33333 10.9472 2.90694 12.5271 4.05417 14.3062C5.20139 16.0854 6.96111 18.0639 9.33333 20.2417ZM9.33333 23.3333C6.20278 20.6694 3.86458 18.1951 2.31875 15.9104C0.772917 13.6257 0 11.5111 0 9.56667C0 6.65 0.938194 4.32639 2.81458 2.59583C4.69097 0.865278 6.86389 0 9.33333 0C11.8028 0 13.9757 0.865278 15.8521 2.59583C17.7285 4.32639 18.6667 6.65 18.6667 9.56667C18.6667 11.5111 17.8937 13.6257 16.3479 15.9104C14.8021 18.1951 12.4639 20.6694 9.33333 23.3333Z\" fill=\"#A38865\"><\/path><\/svg>\t\t\t\t\t\t<\/span>\n\t\t\t\t\t\t\t\t\t\t<span class=\"elementor-icon-list-text\"><b>EAU<\/b><\/span>\n\t\t\t\t\t\t\t\t\t<\/li>\n\t\t\t\t\t\t<\/ul>\n\t\t\t\t\t\t<\/div>\n\t\t\t\t<\/div>\n\t\t\t\t<\/div>\n\t\t\t\t<div class=\"elementor-element elementor-element-0033889 elementor-icon-list--layout-traditional elementor-list-item-link-full_width elementor-widget elementor-widget-icon-list\" data-id=\"0033889\" data-element_type=\"widget\" data-e-type=\"widget\" data-widget_type=\"icon-list.default\">\n\t\t\t\t<div class=\"elementor-widget-container\">\n\t\t\t\t\t\t\t<ul class=\"elementor-icon-list-items\">\n\t\t\t\t\t\t\t<li class=\"elementor-icon-list-item\">\n\t\t\t\t\t\t\t\t\t\t<span class=\"elementor-icon-list-text\">Oficina 205, Emaar Business Park 3,<br> Greens, Dubai, Emiratos \u00c1rabes Unidos<\/span>\n\t\t\t\t\t\t\t\t\t<\/li>\n\t\t\t\t\t\t\t\t<li class=\"elementor-icon-list-item\">\n\t\t\t\t\t\t\t\t\t\t<span class=\"elementor-icon-list-text\"><b>Contacta por WhatsApp:<br><span class=\"hover_black\"><a href=\"https:\/\/wa.me\/97145527918\"> +971 4 552 7918<\/a><\/span><\/b><\/span>\n\t\t\t\t\t\t\t\t\t<\/li>\n\t\t\t\t\t\t<\/ul>\n\t\t\t\t\t\t<\/div>\n\t\t\t\t<\/div>\n\t\t\t\t<\/div>\n\t\t<div class=\"elementor-element elementor-element-eb67f5e e-con-full e-flex e-con e-child\" data-id=\"eb67f5e\" data-element_type=\"container\" data-e-type=\"container\" data-settings=\"{&quot;background_background&quot;:&quot;classic&quot;}\">\n\t\t\t\t<div class=\"elementor-element elementor-element-cb7d139 elementor-widget elementor-widget-google_maps\" data-id=\"cb7d139\" data-element_type=\"widget\" data-e-type=\"widget\" data-widget_type=\"google_maps.default\">\n\t\t\t\t<div class=\"elementor-widget-container\">\n\t\t\t\t\t\t\t<div class=\"elementor-custom-embed\">\n\t\t\t<iframe loading=\"lazy\"\n\t\t\t\t\tsrc=\"https:\/\/maps.google.com\/maps?q=Office%20205%2C%20Emaar%20Business%20Park%203%2CGreens%2C%20Dubai%2C%20United%20Arab%20Emirates&#038;t=m&#038;z=17&#038;output=embed&#038;iwloc=near\"\n\t\t\t\t\ttitle=\"Office 205, Emaar Business Park 3,Greens, Dubai, United Arab Emirates\"\n\t\t\t\t\taria-label=\"Office 205, Emaar Business Park 3,Greens, Dubai, United Arab Emirates\"\n\t\t\t><\/iframe>\n\t\t<\/div>\n\t\t\t\t\t\t<\/div>\n\t\t\t\t<\/div>\n\t\t\t\t<\/div>\n\t\t\t\t<\/div>\n\t\t\t\t\t<\/div>\n\t\t\t\t<\/div>\n\t\t\t\t<\/div>\n\t\t","protected":false},"excerpt":{"rendered":"<p>Equipo global, visi\u00f3n local. Contacta con el equipo Proyectos, prensa o asociaciones. D\u00f3nde estamos Encu\u00e9ntranos en nuestra sede. Espa\u00f1a Calle N\u00fa\u00f1ez del Balboa, 37, Planta 4, Puerta Iz., 28001 Madrid Contacta por WhatsApp: +34 603 27 12 54 EAU Oficina 205, Emaar Business Park 3, Greens, Dubai, Emiratos \u00c1rabes Unidos Contacta por WhatsApp: +971 4 [&hellip;]<\/p>\n","protected":false},"author":4,"featured_media":0,"parent":0,"menu_order":0,"comment_status":"closed","ping_status":"closed","template":"","meta":{"_acf_changed":false,"inline_featured_image":false,"footnotes":""},"class_list":["post-2198","page","type-page","status-publish","hentry"],"acf":[],"yoast_head":"<!-- This site is optimized with the Yoast SEO plugin v27.4 - https:\/\/yoast.com\/product\/yoast-seo-wordpress\/ -->\n<title>\u25b7Ponte en contacto - \u3010 Atalaya \u3011<\/title>\n<meta name=\"description\" content=\"Equipo global, visi\u00f3n local. Contacta con el equipo Proyectos, prensa o asociaciones. D\u00f3nde estamos Encu\u00e9ntranos en nuestra sede. Espa\u00f1a Calle N\u00fa\u00f1ez del \u2713\" \/>\n<meta name=\"robots\" content=\"index, follow, max-snippet:-1, max-image-preview:large, max-video-preview:-1\" \/>\n<link rel=\"canonical\" href=\"https:\/\/atalayaworldwide.com\/get-in-touch\/\" \/>\n<meta property=\"og:locale\" content=\"es_ES\" \/>\n<meta property=\"og:type\" content=\"article\" \/>\n<meta property=\"og:title\" content=\"\u25b7Ponte en contacto - \u3010 Atalaya \u3011\" \/>\n<meta property=\"og:description\" content=\"Equipo global, visi\u00f3n local. Contacta con el equipo Proyectos, prensa o asociaciones. D\u00f3nde estamos Encu\u00e9ntranos en nuestra sede. Espa\u00f1a Calle N\u00fa\u00f1ez del \u2713\" \/>\n<meta property=\"og:url\" content=\"https:\/\/atalayaworldwide.com\/get-in-touch\/\" \/>\n<meta property=\"og:site_name\" content=\"Atalaya\" \/>\n<meta property=\"article:modified_time\" content=\"2025-12-22T13:21:12+00:00\" \/>\n<meta name=\"twitter:card\" content=\"summary_large_image\" \/>\n<script type=\"application\/ld+json\" class=\"yoast-schema-graph\">{\"@context\":\"https:\\\/\\\/schema.org\",\"@graph\":[{\"@type\":\"WebPage\",\"@id\":\"https:\\\/\\\/atalayaworldwide.com\\\/get-in-touch\\\/\",\"url\":\"https:\\\/\\\/atalayaworldwide.com\\\/get-in-touch\\\/\",\"name\":\"\u25b7Ponte en contacto - \u3010 Atalaya \u3011\",\"isPartOf\":{\"@id\":\"https:\\\/\\\/atalayaworldwide.com\\\/#website\"},\"datePublished\":\"2025-12-02T10:43:00+00:00\",\"dateModified\":\"2025-12-22T13:21:12+00:00\",\"description\":\"Equipo global, visi\u00f3n local. Contacta con el equipo Proyectos, prensa o asociaciones. D\u00f3nde estamos Encu\u00e9ntranos en nuestra sede. Espa\u00f1a Calle N\u00fa\u00f1ez del \u2713\",\"breadcrumb\":{\"@id\":\"https:\\\/\\\/atalayaworldwide.com\\\/get-in-touch\\\/#breadcrumb\"},\"inLanguage\":\"es\",\"potentialAction\":[{\"@type\":\"ReadAction\",\"target\":[\"https:\\\/\\\/atalayaworldwide.com\\\/get-in-touch\\\/\"]}]},{\"@type\":\"BreadcrumbList\",\"@id\":\"https:\\\/\\\/atalayaworldwide.com\\\/get-in-touch\\\/#breadcrumb\",\"itemListElement\":[{\"@type\":\"ListItem\",\"position\":1,\"name\":\"Portada\",\"item\":\"https:\\\/\\\/atalayaworldwide.com\\\/es\\\/inicio\\\/\"},{\"@type\":\"ListItem\",\"position\":2,\"name\":\"Ponte en contacto\"}]},{\"@type\":\"WebSite\",\"@id\":\"https:\\\/\\\/atalayaworldwide.com\\\/#website\",\"url\":\"https:\\\/\\\/atalayaworldwide.com\\\/\",\"name\":\"Atalaya\",\"description\":\"Redefining Global Movility\",\"publisher\":{\"@id\":\"https:\\\/\\\/atalayaworldwide.com\\\/#organization\"},\"potentialAction\":[{\"@type\":\"SearchAction\",\"target\":{\"@type\":\"EntryPoint\",\"urlTemplate\":\"https:\\\/\\\/atalayaworldwide.com\\\/?s={search_term_string}\"},\"query-input\":{\"@type\":\"PropertyValueSpecification\",\"valueRequired\":true,\"valueName\":\"search_term_string\"}}],\"inLanguage\":\"es\"},{\"@type\":\"Organization\",\"@id\":\"https:\\\/\\\/atalayaworldwide.com\\\/#organization\",\"name\":\"Atalaya\",\"url\":\"https:\\\/\\\/atalayaworldwide.com\\\/\",\"logo\":{\"@type\":\"ImageObject\",\"inLanguage\":\"es\",\"@id\":\"https:\\\/\\\/atalayaworldwide.com\\\/#\\\/schema\\\/logo\\\/image\\\/\",\"url\":\"https:\\\/\\\/atalayaworldwide.com\\\/wp-content\\\/uploads\\\/2021\\\/10\\\/Atalaya-Logo-Alt-4.png\",\"contentUrl\":\"https:\\\/\\\/atalayaworldwide.com\\\/wp-content\\\/uploads\\\/2021\\\/10\\\/Atalaya-Logo-Alt-4.png\",\"width\":1344,\"height\":260,\"caption\":\"Atalaya\"},\"image\":{\"@id\":\"https:\\\/\\\/atalayaworldwide.com\\\/#\\\/schema\\\/logo\\\/image\\\/\"}}]}<\/script>\n<!-- \/ Yoast SEO plugin. -->","yoast_head_json":{"title":"\u25b7Ponte en contacto - \u3010 Atalaya \u3011","description":"Equipo global, visi\u00f3n local. Contacta con el equipo Proyectos, prensa o asociaciones. D\u00f3nde estamos Encu\u00e9ntranos en nuestra sede. Espa\u00f1a Calle N\u00fa\u00f1ez del \u2713","robots":{"index":"index","follow":"follow","max-snippet":"max-snippet:-1","max-image-preview":"max-image-preview:large","max-video-preview":"max-video-preview:-1"},"canonical":"https:\/\/atalayaworldwide.com\/get-in-touch\/","og_locale":"es_ES","og_type":"article","og_title":"\u25b7Ponte en contacto - \u3010 Atalaya \u3011","og_description":"Equipo global, visi\u00f3n local. Contacta con el equipo Proyectos, prensa o asociaciones. D\u00f3nde estamos Encu\u00e9ntranos en nuestra sede. Espa\u00f1a Calle N\u00fa\u00f1ez del \u2713","og_url":"https:\/\/atalayaworldwide.com\/get-in-touch\/","og_site_name":"Atalaya","article_modified_time":"2025-12-22T13:21:12+00:00","twitter_card":"summary_large_image","schema":{"@context":"https:\/\/schema.org","@graph":[{"@type":"WebPage","@id":"https:\/\/atalayaworldwide.com\/get-in-touch\/","url":"https:\/\/atalayaworldwide.com\/get-in-touch\/","name":"\u25b7Ponte en contacto - \u3010 Atalaya \u3011","isPartOf":{"@id":"https:\/\/atalayaworldwide.com\/#website"},"datePublished":"2025-12-02T10:43:00+00:00","dateModified":"2025-12-22T13:21:12+00:00","description":"Equipo global, visi\u00f3n local. Contacta con el equipo Proyectos, prensa o asociaciones. D\u00f3nde estamos Encu\u00e9ntranos en nuestra sede. Espa\u00f1a Calle N\u00fa\u00f1ez del \u2713","breadcrumb":{"@id":"https:\/\/atalayaworldwide.com\/get-in-touch\/#breadcrumb"},"inLanguage":"es","potentialAction":[{"@type":"ReadAction","target":["https:\/\/atalayaworldwide.com\/get-in-touch\/"]}]},{"@type":"BreadcrumbList","@id":"https:\/\/atalayaworldwide.com\/get-in-touch\/#breadcrumb","itemListElement":[{"@type":"ListItem","position":1,"name":"Portada","item":"https:\/\/atalayaworldwide.com\/es\/inicio\/"},{"@type":"ListItem","position":2,"name":"Ponte en contacto"}]},{"@type":"WebSite","@id":"https:\/\/atalayaworldwide.com\/#website","url":"https:\/\/atalayaworldwide.com\/","name":"Atalaya","description":"Redefining Global Movility","publisher":{"@id":"https:\/\/atalayaworldwide.com\/#organization"},"potentialAction":[{"@type":"SearchAction","target":{"@type":"EntryPoint","urlTemplate":"https:\/\/atalayaworldwide.com\/?s={search_term_string}"},"query-input":{"@type":"PropertyValueSpecification","valueRequired":true,"valueName":"search_term_string"}}],"inLanguage":"es"},{"@type":"Organization","@id":"https:\/\/atalayaworldwide.com\/#organization","name":"Atalaya","url":"https:\/\/atalayaworldwide.com\/","logo":{"@type":"ImageObject","inLanguage":"es","@id":"https:\/\/atalayaworldwide.com\/#\/schema\/logo\/image\/","url":"https:\/\/atalayaworldwide.com\/wp-content\/uploads\/2021\/10\/Atalaya-Logo-Alt-4.png","contentUrl":"https:\/\/atalayaworldwide.com\/wp-content\/uploads\/2021\/10\/Atalaya-Logo-Alt-4.png","width":1344,"height":260,"caption":"Atalaya"},"image":{"@id":"https:\/\/atalayaworldwide.com\/#\/schema\/logo\/image\/"}}]}},"_links":{"self":[{"href":"https:\/\/atalayaworldwide.com\/es\/wp-json\/wp\/v2\/pages\/2198","targetHints":{"allow":["GET"]}}],"collection":[{"href":"https:\/\/atalayaworldwide.com\/es\/wp-json\/wp\/v2\/pages"}],"about":[{"href":"https:\/\/atalayaworldwide.com\/es\/wp-json\/wp\/v2\/types\/page"}],"author":[{"embeddable":true,"href":"https:\/\/atalayaworldwide.com\/es\/wp-json\/wp\/v2\/users\/4"}],"replies":[{"embeddable":true,"href":"https:\/\/atalayaworldwide.com\/es\/wp-json\/wp\/v2\/comments?post=2198"}],"version-history":[{"count":2,"href":"https:\/\/atalayaworldwide.com\/es\/wp-json\/wp\/v2\/pages\/2198\/revisions"}],"predecessor-version":[{"id":2354,"href":"https:\/\/atalayaworldwide.com\/es\/wp-json\/wp\/v2\/pages\/2198\/revisions\/2354"}],"wp:attachment":[{"href":"https:\/\/atalayaworldwide.com\/es\/wp-json\/wp\/v2\/media?parent=2198"}],"curies":[{"name":"wp","href":"https:\/\/api.w.org\/{rel}","templated":true}]}}