{"id":2251,"date":"2021-10-16T15:24:59","date_gmt":"2021-10-16T13:24:59","guid":{"rendered":"https:\/\/atalayaworldwide.com\/aviso-legal\/"},"modified":"2025-12-18T14:16:09","modified_gmt":"2025-12-18T13:16:09","slug":"aviso-legal","status":"publish","type":"page","link":"https:\/\/atalayaworldwide.com\/es\/aviso-legal\/","title":{"rendered":"Aviso legal"},"content":{"rendered":"\t\t<div data-elementor-type=\"wp-page\" data-elementor-id=\"2251\" class=\"elementor elementor-2251 elementor-57\" data-elementor-post-type=\"page\">\n\t\t\t\t<div class=\"elementor-element elementor-element-664f328 e-flex e-con-boxed e-con e-parent\" data-id=\"664f328\" data-element_type=\"container\" data-e-type=\"container\">\n\t\t\t\t\t<div class=\"e-con-inner\">\n\t\t\t\t<div class=\"elementor-element elementor-element-39e90d5 elementor-widget elementor-widget-heading\" data-id=\"39e90d5\" data-element_type=\"widget\" data-e-type=\"widget\" data-widget_type=\"heading.default\">\n\t\t\t\t<div class=\"elementor-widget-container\">\n\t\t\t\t\t<h1 class=\"elementor-heading-title elementor-size-default\">AVISO LEGAL<\/h1>\t\t\t\t<\/div>\n\t\t\t\t<\/div>\n\t\t\t\t<div class=\"elementor-element elementor-element-c026941 elementor-widget elementor-widget-text-editor\" data-id=\"c026941\" data-element_type=\"widget\" data-e-type=\"widget\" data-widget_type=\"text-editor.default\">\n\t\t\t\t<div class=\"elementor-widget-container\">\n\t\t\t\t\t\t\t\t\t<p>El presente Aviso Legal tiene por objeto informarte de tus derechos y obligaciones como usuario de este sitio web. Aqu\u00ed encontrar\u00e1s toda la informaci\u00f3n que necesites sobre este sitio web, su actividad, los datos personales que recoge y su finalidad, as\u00ed como las normas de uso que rigen la utilizaci\u00f3n de este sitio web. <\/p><p>En el momento en que accedes a este sitio web  <strong><\/strong>, asumes la condici\u00f3n de usuario, por lo que el contenido de este Aviso Legal te afecta directamente. Por ello, es importante que lo leas para aclarar cualquier duda que puedas tener y para conocer perfectamente las condiciones que est\u00e1s aceptando. <\/p><p>Para empezar, debes saber que este sitio web cumple con la normativa vigente en materia de protecci\u00f3n de datos, con el objetivo de proporcionarte las garant\u00edas, seguridad y transparencia a las que tienes derecho como usuario al utilizar este sitio web.<\/p><ul><li><strong>El GDPR<\/strong> (Reglamento (UE) 2016\/679 del Parlamento Europeo y del Consejo, de 27 de abril de 2016, relativo a la protecci\u00f3n de las personas f\u00edsicas), que unifica la regulaci\u00f3n del tratamiento de datos personales en los distintos pa\u00edses de la UE.<\/li><li><strong>La LOPDGDD<\/strong> (Ley Org\u00e1nica 3\/2018, de 5 de diciembre, de Protecci\u00f3n de Datos Personales y garant\u00eda de los derechos digitales), que regula el tratamiento de los datos personales y las obligaciones que, como titulares de una web o blog, debemos asumir en la gesti\u00f3n de esta informaci\u00f3n.<\/li><li><strong>La LSSI<\/strong> (Ley 34\/2002, de 11 de julio, de Servicios de la Sociedad de la Informaci\u00f3n y de Comercio Electr\u00f3nico), que regula las transacciones econ\u00f3micas realizadas por medios electr\u00f3nicos.<\/li><\/ul><h3>DATOS DE IDENTIFICACI\u00d3N<\/h3><p>El responsable y propietario de este sitio web es <strong><\/strong>:<\/p><ul><li><strong>Nombre:<\/strong> <\/li><li><strong>NIF:<\/strong> <\/li><li><strong>Domicilio social:<\/strong> <\/li><li><strong>Actividad del sitio web:<\/strong> Distribuci\u00f3n de contenidos relacionados con <strong><\/strong>publicidad y recomendaci\u00f3n de productos de afiliados.<\/li><li><strong>Direcci\u00f3n de correo electr\u00f3nico:<\/strong> <\/li><\/ul><p>Los datos que nos facilites con tu consentimiento, y de acuerdo con el uso establecido en nuestra Pol\u00edtica de Privacidad, ser\u00e1n incorporados a un fichero automatizado, para lo cual  <strong><\/strong>  es responsable. Esto garantiza que tus datos est\u00e1n seguros y protegidos de acuerdo con la ley. <\/p><h3>NORMAS DE ACCESO AL SITIO WEB<\/h3><p>Como usuario de nuestro sitio web, tambi\u00e9n tienes una serie de obligaciones:<\/p><ul><li>No puedes utilizar este sitio web para actividades contrarias a la ley, la moral, el orden p\u00fablico, o con fines contrarios a lo establecido en el presente Aviso Legal.<\/li><li>No puedes realizar actividades publicitarias o de explotaci\u00f3n comercial utilizando identidades falsas.<\/li><li>Ser\u00e1s el \u00fanico responsable de la veracidad y exactitud de los contenidos que introduzcas en este sitio web y de los datos personales que nos facilites para los fines establecidos en nuestra Pol\u00edtica de Privacidad.<\/li><li>Tambi\u00e9n ser\u00e1s responsable de cualquier acci\u00f3n ilegal, infracci\u00f3n de derechos, conducta perjudicial o da\u00f1ina en sitios web de terceros a los que podamos redirigirte.<\/li><\/ul><p><strong><\/strong>  podr\u00e1 interrumpir el servicio del sitio web y resolver la relaci\u00f3n con el usuario si detecta un uso inadecuado del mismo.<\/p><h3>PROPIEDAD INTELECTUAL E INDUSTRIAL<\/h3><p>Todos los contenidos de este sitio web (textos, im\u00e1genes, marcas, gr\u00e1ficos, logotipos, botones, archivos de software, combinaciones de colores, as\u00ed como la estructura, selecci\u00f3n, ordenaci\u00f3n y presentaci\u00f3n de sus contenidos) se encuentran protegidos por las leyes vigentes sobre Propiedad Intelectual e Industrial.<\/p><p>Queda prohibida su reproducci\u00f3n, distribuci\u00f3n, comunicaci\u00f3n p\u00fablica y transformaci\u00f3n, salvo para uso personal y privado.<\/p><p><strong><\/strong>  no garantiza que los contenidos sean exactos o libres de error. El uso correcto o incorrecto de este sitio web y de sus contenidos es responsabilidad del usuario. <\/p><h3>ENLACES<\/h3><p>Este sitio web incluye enlaces a p\u00e1ginas web de terceros. Estas p\u00e1ginas no han sido revisadas y no est\u00e1n sujetas a nuestro control, por lo que   <strong><\/strong>  no ser\u00e1 responsable de los contenidos, pol\u00edticas de privacidad o medidas adoptadas por estos terceros.<\/p><p>Te recomendamos que leas atentamente las condiciones de uso y las pol\u00edticas de estos sitios web antes de utilizarlos.<\/p><h3>ENLACES AFILIADOS AMAZON<\/h3><p>Este sitio web utiliza enlaces de afiliados de Amazon. Esto significa que encontrar\u00e1s enlaces a productos de Amazon que puedes comprar seg\u00fan sus propias condiciones de uso. <\/p><h3>LIMITACI\u00d3N DE RESPONSABILIDAD<\/h3><p><strong><\/strong>  no ser\u00e1 responsable de:<\/p><ul><li>La calidad, rapidez y continuidad del servicio.<\/li><li>La existencia de virus, malware o programas maliciosos en los contenidos.<\/li><li>El uso il\u00edcito o negligente del sitio web.<\/li><li>La falta de licitud, calidad, fiabilidad o utilidad de los servicios prestados por terceros.<\/li><li>Los da\u00f1os y perjuicios que puedan derivarse del uso ilegal de este sitio web.<\/li><\/ul><h3>POL\u00cdTICA DE PRIVACIDAD Y PROTECCI\u00d3N DE DATOS<\/h3><p>Este sitio web cumple la normativa vigente en materia de protecci\u00f3n de datos. Como usuario, debes dar tu consentimiento expreso antes de proporcionar datos personales a trav\u00e9s de los formularios disponibles en el sitio web. Toda la informaci\u00f3n relacionada est\u00e1 disponible en nuestra <strong>Pol\u00edtica de Privacidad<\/strong>.  <\/p><h3>POL\u00cdTICA DE COOKIES<\/h3><p>Este sitio web utiliza cookies propias y de terceros. Puedes configurar tu navegador para rechazar el uso de cookies. Para m\u00e1s informaci\u00f3n, consulta nuestra <strong>Pol\u00edtica de Cookies<\/strong>.  <\/p><h3>LEGISLACI\u00d3N Y JURISDICCI\u00d3N APLICABLES<\/h3><p>El presente Aviso Legal se rige por la legislaci\u00f3n espa\u00f1ola vigente. Cualquier controversia se someter\u00e1 a los Juzgados y Tribunales del domicilio del usuario. Si el usuario tiene su domicilio fuera de Espa\u00f1a, las partes se someter\u00e1n a los Juzgados y Tribunales de Barcelona (Espa\u00f1a).  <\/p><p>Si tienes alguna pregunta, puedes enviarnos un correo electr\u00f3nico a <strong><\/strong>.<\/p>\t\t\t\t\t\t\t\t<\/div>\n\t\t\t\t<\/div>\n\t\t\t\t\t<\/div>\n\t\t\t\t<\/div>\n\t\t\t\t<\/div>\n\t\t","protected":false},"excerpt":{"rendered":"<p>AVISO LEGAL El presente Aviso Legal tiene por objeto informarte de tus derechos y obligaciones como usuario de este sitio web. Aqu\u00ed encontrar\u00e1s toda la informaci\u00f3n que necesites sobre este sitio web, su actividad, los datos personales que recoge y su finalidad, as\u00ed como las normas de uso que rigen la utilizaci\u00f3n de este sitio [&hellip;]<\/p>\n","protected":false},"author":4,"featured_media":0,"parent":0,"menu_order":0,"comment_status":"closed","ping_status":"closed","template":"elementor_header_footer","meta":{"_acf_changed":false,"inline_featured_image":false,"footnotes":""},"class_list":["post-2251","page","type-page","status-publish","hentry"],"acf":[],"yoast_head":"<!-- This site is optimized with the Yoast SEO plugin v27.4 - https:\/\/yoast.com\/product\/yoast-seo-wordpress\/ -->\n<title>\u25b7Aviso legal - \u3010 Atalaya \u3011<\/title>\n<meta name=\"description\" content=\"AVISO LEGAL El presente Aviso Legal tiene por objeto informarte de tus derechos y obligaciones como usuario de este sitio web. Aqu\u00ed encontrar\u00e1s toda la \u2713\" \/>\n<meta name=\"robots\" content=\"noindex, nofollow\" \/>\n<meta property=\"og:locale\" content=\"es_ES\" \/>\n<meta property=\"og:type\" content=\"article\" \/>\n<meta property=\"og:title\" content=\"\u25b7Aviso legal - \u3010 Atalaya \u3011\" \/>\n<meta property=\"og:description\" content=\"AVISO LEGAL El presente Aviso Legal tiene por objeto informarte de tus derechos y obligaciones como usuario de este sitio web. Aqu\u00ed encontrar\u00e1s toda la \u2713\" \/>\n<meta property=\"og:url\" content=\"https:\/\/atalayaworldwide.com\/es\/aviso-legal\/\" \/>\n<meta property=\"og:site_name\" content=\"Atalaya\" \/>\n<meta property=\"article:modified_time\" content=\"2025-12-18T13:16:09+00:00\" \/>\n<meta name=\"twitter:card\" content=\"summary_large_image\" \/>\n<meta name=\"twitter:label1\" content=\"Tiempo de lectura\" \/>\n\t<meta name=\"twitter:data1\" content=\"5 minutos\" \/>\n<script type=\"application\/ld+json\" class=\"yoast-schema-graph\">{\"@context\":\"https:\\\/\\\/schema.org\",\"@graph\":[{\"@type\":\"WebPage\",\"@id\":\"https:\\\/\\\/atalayaworldwide.com\\\/es\\\/aviso-legal\\\/\",\"url\":\"https:\\\/\\\/atalayaworldwide.com\\\/es\\\/aviso-legal\\\/\",\"name\":\"\u25b7Aviso legal - \u3010 Atalaya \u3011\",\"isPartOf\":{\"@id\":\"https:\\\/\\\/atalayaworldwide.com\\\/#website\"},\"datePublished\":\"2021-10-16T13:24:59+00:00\",\"dateModified\":\"2025-12-18T13:16:09+00:00\",\"description\":\"AVISO LEGAL El presente Aviso Legal tiene por objeto informarte de tus derechos y obligaciones como usuario de este sitio web. Aqu\u00ed encontrar\u00e1s toda la \u2713\",\"breadcrumb\":{\"@id\":\"https:\\\/\\\/atalayaworldwide.com\\\/es\\\/aviso-legal\\\/#breadcrumb\"},\"inLanguage\":\"es\",\"potentialAction\":[{\"@type\":\"ReadAction\",\"target\":[\"https:\\\/\\\/atalayaworldwide.com\\\/es\\\/aviso-legal\\\/\"]}]},{\"@type\":\"BreadcrumbList\",\"@id\":\"https:\\\/\\\/atalayaworldwide.com\\\/es\\\/aviso-legal\\\/#breadcrumb\",\"itemListElement\":[{\"@type\":\"ListItem\",\"position\":1,\"name\":\"Portada\",\"item\":\"https:\\\/\\\/atalayaworldwide.com\\\/es\\\/inicio\\\/\"},{\"@type\":\"ListItem\",\"position\":2,\"name\":\"Aviso legal\"}]},{\"@type\":\"WebSite\",\"@id\":\"https:\\\/\\\/atalayaworldwide.com\\\/#website\",\"url\":\"https:\\\/\\\/atalayaworldwide.com\\\/\",\"name\":\"Atalaya\",\"description\":\"Redefining Global Movility\",\"publisher\":{\"@id\":\"https:\\\/\\\/atalayaworldwide.com\\\/#organization\"},\"potentialAction\":[{\"@type\":\"SearchAction\",\"target\":{\"@type\":\"EntryPoint\",\"urlTemplate\":\"https:\\\/\\\/atalayaworldwide.com\\\/?s={search_term_string}\"},\"query-input\":{\"@type\":\"PropertyValueSpecification\",\"valueRequired\":true,\"valueName\":\"search_term_string\"}}],\"inLanguage\":\"es\"},{\"@type\":\"Organization\",\"@id\":\"https:\\\/\\\/atalayaworldwide.com\\\/#organization\",\"name\":\"Atalaya\",\"url\":\"https:\\\/\\\/atalayaworldwide.com\\\/\",\"logo\":{\"@type\":\"ImageObject\",\"inLanguage\":\"es\",\"@id\":\"https:\\\/\\\/atalayaworldwide.com\\\/#\\\/schema\\\/logo\\\/image\\\/\",\"url\":\"https:\\\/\\\/atalayaworldwide.com\\\/wp-content\\\/uploads\\\/2021\\\/10\\\/Atalaya-Logo-Alt-4.png\",\"contentUrl\":\"https:\\\/\\\/atalayaworldwide.com\\\/wp-content\\\/uploads\\\/2021\\\/10\\\/Atalaya-Logo-Alt-4.png\",\"width\":1344,\"height\":260,\"caption\":\"Atalaya\"},\"image\":{\"@id\":\"https:\\\/\\\/atalayaworldwide.com\\\/#\\\/schema\\\/logo\\\/image\\\/\"}}]}<\/script>\n<!-- \/ Yoast SEO plugin. -->","yoast_head_json":{"title":"\u25b7Aviso legal - \u3010 Atalaya \u3011","description":"AVISO LEGAL El presente Aviso Legal tiene por objeto informarte de tus derechos y obligaciones como usuario de este sitio web. Aqu\u00ed encontrar\u00e1s toda la \u2713","robots":{"index":"noindex","follow":"nofollow"},"og_locale":"es_ES","og_type":"article","og_title":"\u25b7Aviso legal - \u3010 Atalaya \u3011","og_description":"AVISO LEGAL El presente Aviso Legal tiene por objeto informarte de tus derechos y obligaciones como usuario de este sitio web. Aqu\u00ed encontrar\u00e1s toda la \u2713","og_url":"https:\/\/atalayaworldwide.com\/es\/aviso-legal\/","og_site_name":"Atalaya","article_modified_time":"2025-12-18T13:16:09+00:00","twitter_card":"summary_large_image","twitter_misc":{"Tiempo de lectura":"5 minutos"},"schema":{"@context":"https:\/\/schema.org","@graph":[{"@type":"WebPage","@id":"https:\/\/atalayaworldwide.com\/es\/aviso-legal\/","url":"https:\/\/atalayaworldwide.com\/es\/aviso-legal\/","name":"\u25b7Aviso legal - \u3010 Atalaya \u3011","isPartOf":{"@id":"https:\/\/atalayaworldwide.com\/#website"},"datePublished":"2021-10-16T13:24:59+00:00","dateModified":"2025-12-18T13:16:09+00:00","description":"AVISO LEGAL El presente Aviso Legal tiene por objeto informarte de tus derechos y obligaciones como usuario de este sitio web. Aqu\u00ed encontrar\u00e1s toda la \u2713","breadcrumb":{"@id":"https:\/\/atalayaworldwide.com\/es\/aviso-legal\/#breadcrumb"},"inLanguage":"es","potentialAction":[{"@type":"ReadAction","target":["https:\/\/atalayaworldwide.com\/es\/aviso-legal\/"]}]},{"@type":"BreadcrumbList","@id":"https:\/\/atalayaworldwide.com\/es\/aviso-legal\/#breadcrumb","itemListElement":[{"@type":"ListItem","position":1,"name":"Portada","item":"https:\/\/atalayaworldwide.com\/es\/inicio\/"},{"@type":"ListItem","position":2,"name":"Aviso legal"}]},{"@type":"WebSite","@id":"https:\/\/atalayaworldwide.com\/#website","url":"https:\/\/atalayaworldwide.com\/","name":"Atalaya","description":"Redefining Global Movility","publisher":{"@id":"https:\/\/atalayaworldwide.com\/#organization"},"potentialAction":[{"@type":"SearchAction","target":{"@type":"EntryPoint","urlTemplate":"https:\/\/atalayaworldwide.com\/?s={search_term_string}"},"query-input":{"@type":"PropertyValueSpecification","valueRequired":true,"valueName":"search_term_string"}}],"inLanguage":"es"},{"@type":"Organization","@id":"https:\/\/atalayaworldwide.com\/#organization","name":"Atalaya","url":"https:\/\/atalayaworldwide.com\/","logo":{"@type":"ImageObject","inLanguage":"es","@id":"https:\/\/atalayaworldwide.com\/#\/schema\/logo\/image\/","url":"https:\/\/atalayaworldwide.com\/wp-content\/uploads\/2021\/10\/Atalaya-Logo-Alt-4.png","contentUrl":"https:\/\/atalayaworldwide.com\/wp-content\/uploads\/2021\/10\/Atalaya-Logo-Alt-4.png","width":1344,"height":260,"caption":"Atalaya"},"image":{"@id":"https:\/\/atalayaworldwide.com\/#\/schema\/logo\/image\/"}}]}},"_links":{"self":[{"href":"https:\/\/atalayaworldwide.com\/es\/wp-json\/wp\/v2\/pages\/2251","targetHints":{"allow":["GET"]}}],"collection":[{"href":"https:\/\/atalayaworldwide.com\/es\/wp-json\/wp\/v2\/pages"}],"about":[{"href":"https:\/\/atalayaworldwide.com\/es\/wp-json\/wp\/v2\/types\/page"}],"author":[{"embeddable":true,"href":"https:\/\/atalayaworldwide.com\/es\/wp-json\/wp\/v2\/users\/4"}],"replies":[{"embeddable":true,"href":"https:\/\/atalayaworldwide.com\/es\/wp-json\/wp\/v2\/comments?post=2251"}],"version-history":[{"count":1,"href":"https:\/\/atalayaworldwide.com\/es\/wp-json\/wp\/v2\/pages\/2251\/revisions"}],"predecessor-version":[{"id":2252,"href":"https:\/\/atalayaworldwide.com\/es\/wp-json\/wp\/v2\/pages\/2251\/revisions\/2252"}],"wp:attachment":[{"href":"https:\/\/atalayaworldwide.com\/es\/wp-json\/wp\/v2\/media?parent=2251"}],"curies":[{"name":"wp","href":"https:\/\/api.w.org\/{rel}","templated":true}]}}