{"id":2254,"date":"2021-10-18T07:29:35","date_gmt":"2021-10-18T05:29:35","guid":{"rendered":"https:\/\/atalayaworldwide.com\/politica-de-cookies\/"},"modified":"2025-12-18T14:16:09","modified_gmt":"2025-12-18T13:16:09","slug":"politica-de-cookies","status":"publish","type":"page","link":"https:\/\/atalayaworldwide.com\/es\/politica-de-cookies\/","title":{"rendered":"Pol\u00edtica de cookies"},"content":{"rendered":"\t\t<div data-elementor-type=\"wp-page\" data-elementor-id=\"2254\" class=\"elementor elementor-2254 elementor-99\" data-elementor-post-type=\"page\">\n\t\t\t\t<div class=\"elementor-element elementor-element-a679816 e-flex e-con-boxed e-con e-parent\" data-id=\"a679816\" data-element_type=\"container\" data-e-type=\"container\">\n\t\t\t\t\t<div class=\"e-con-inner\">\n\t\t\t\t<div class=\"elementor-element elementor-element-5e7fd54 elementor-widget elementor-widget-heading\" data-id=\"5e7fd54\" data-element_type=\"widget\" data-e-type=\"widget\" data-widget_type=\"heading.default\">\n\t\t\t\t<div class=\"elementor-widget-container\">\n\t\t\t\t\t<h1 class=\"elementor-heading-title elementor-size-default\">POL\u00cdTICA DE COOKIES Y ALMACENAMIENTO LOCAL<\/h1>\t\t\t\t<\/div>\n\t\t\t\t<\/div>\n\t\t\t\t<div class=\"elementor-element elementor-element-b7ba3c6 elementor-widget elementor-widget-text-editor\" data-id=\"b7ba3c6\" data-element_type=\"widget\" data-e-type=\"widget\" data-widget_type=\"text-editor.default\">\n\t\t\t\t<div class=\"elementor-widget-container\">\n\t\t\t\t\t\t\t\t\t<p>Este sitio web utiliza cookies y tecnolog\u00edas similares para prestar el servicio, as\u00ed como para permitirnos mejorarlo mediante la obtenci\u00f3n de estad\u00edsticas sobre su uso y para otros fines.<\/p><p>La navegaci\u00f3n por este sitio web implica necesariamente el uso de cookies y tecnolog\u00edas similares siempre que sea necesario para su funcionamiento. Asimismo, para determinados fines, las cookies y el almacenamiento local estar\u00e1n sujetos a tu consentimiento previo. Puedes aceptar o rechazar las cookies a trav\u00e9s del sistema de configuraci\u00f3n establecido, y tambi\u00e9n es posible configurar tu navegador para impedir su uso.  <\/p><p>Esta pol\u00edtica forma parte de nuestra Pol\u00edtica de Privacidad e incluye lo siguiente:<\/p><ul><li>\u00bfQu\u00e9 son las cookies?<\/li><li>\u00bfPara qu\u00e9 se utilizan las cookies?<\/li><li>\u00bfQu\u00e9 entendemos por tecnolog\u00edas similares a las cookies?<\/li><li>\u00bfQu\u00e9 son las cookies de terceros? \u00bfQui\u00e9nes son los destinatarios de la informaci\u00f3n? <\/li><li>\u00bfQu\u00e9 funciones y caracter\u00edsticas de terceros utilizamos en nuestro sitio web?<\/li><li>\u00bfCu\u00e1nto tiempo permanecen activas las cookies o tecnolog\u00edas similares?<\/li><li>Uso de navegadores con modo de navegaci\u00f3n privada.<\/li><li>\u00bfC\u00f3mo impedir el uso de cookies y c\u00f3mo eliminarlas?<\/li><\/ul><h3>\u00bfQu\u00e9 son las cookies?<\/h3><p>Las \u00abcookies\u00bb son peque\u00f1os archivos temporales que se crean en el dispositivo del usuario (ordenador, tel\u00e9fono, tableta, etc.) cuando visita un sitio web. Permiten almacenar o recuperar informaci\u00f3n mientras navegas, por ejemplo, para guardar tus preferencias de uso, reconocerte en visitas posteriores o recopilar informaci\u00f3n sobre tus h\u00e1bitos de navegaci\u00f3n. <\/p><p>Cuando un sitio web crea una cookie en el dispositivo, se almacenan la direcci\u00f3n\/dominio del sitio web, la duraci\u00f3n de la cookie (que puede oscilar entre unos minutos y varios a\u00f1os) y el contenido de la cookie. Puedes desactivar las cookies en cualquier momento a trav\u00e9s del sistema de configuraci\u00f3n de este sitio web o configurando tu navegador para impedir su uso. <\/p><h3>\u00bfPara qu\u00e9 se utilizan las cookies?<\/h3><p>Los usos o finalidades m\u00e1s comunes son:<\/p><ul><li><strong>Cookies t\u00e9cnicas esenciales:<\/strong> Para gestionar el flujo de navegaci\u00f3n dentro del sitio web o mantener al usuario conectado. Deshabilitarlas puede hacer que algunas secciones no funcionen correctamente. <\/li><li><strong>Cookies de personalizaci\u00f3n:<\/strong> Necesarias para recordar ciertas preferencias del usuario.<\/li><li><strong>Cookies anal\u00edticas:<\/strong> Nos ayudan a recopilar informaci\u00f3n sobre el origen de los usuarios y su navegaci\u00f3n por el sitio web para realizar an\u00e1lisis estad\u00edsticos y mejorar la estructura y el contenido.<\/li><li><strong>Cookies publicitarias:<\/strong> Para gestionar los anuncios mostrados en el sitio web y determinar su contenido o frecuencia.<\/li><li><strong>Cookies de publicidad comportamental:<\/strong> Recopilan los h\u00e1bitos de navegaci\u00f3n del usuario para crear un perfil de intereses y mostrar anuncios personalizados.<\/li><li><strong>Cookies para compartir en redes sociales:<\/strong> Identifican al usuario en las redes sociales para compartir contenidos.<\/li><\/ul><h3>\u00bfQu\u00e9 entendemos por tecnolog\u00edas similares a las cookies?<\/h3><p>Se refiere a cualquier mecanismo para almacenar y recuperar datos en el dispositivo del usuario. Entre los m\u00e1s comunes se incluyen: <\/p><ul><li><strong>Almacenamiento local del navegador:<\/strong> Como \u00absessionStorage\u00bb y \u00ablocalStorage\u00bb.<\/li><li><strong>Almacenamiento local de complementos del navegador:<\/strong> Por ejemplo, Objetos Locales Compartidos de Flash u Objetos Aislados de Silverlight.<\/li><li><strong>Balizas web:<\/strong> Im\u00e1genes alojadas en servidores que permiten registrar las visitas a p\u00e1ginas o correos electr\u00f3nicos.<\/li><li><strong>Huella digital:<\/strong> Combina la informaci\u00f3n del navegador o del dispositivo para identificar al usuario en visitas sucesivas.<\/li><\/ul><h3>\u00bfQu\u00e9 son las cookies de terceros? \u00bfQui\u00e9nes son los destinatarios de la informaci\u00f3n? <\/h3><p>Las cookies se clasifican en:<\/p><ul><li><strong>Cookies de origen:<\/strong> Creadas y gestionadas desde nuestro dominio.<\/li><li><strong>Cookies de terceros:<\/strong> Creadas y gestionadas por otros sitios web, que proporcionan funciones como mapas interactivos, v\u00eddeos, botones de redes sociales o anuncios personalizados. Estas cookies est\u00e1n bajo el control del tercero que las proporciona. <\/li><\/ul><h3>\u00bfQu\u00e9 funciones y caracter\u00edsticas de terceros utilizamos en nuestro sitio web?<\/h3><p>A continuaci\u00f3n encontrar\u00e1s una tabla resumen de las cookies utilizadas en nuestro sitio web:<\/p><table><thead><tr><th>Galleta<\/th><th>Tipo<\/th><th>Duraci\u00f3n<\/th><th>Descripci\u00f3n<\/th><\/tr><\/thead><tbody><tr><td>__cf_bm<\/td><td>Sesi\u00f3n<\/td><td>1 hora<\/td><td>Apoyo a la gesti\u00f3n de bots por parte de Cloudflare.<\/td><\/tr><tr><td>cookielawinfo-checkbox-analytics<\/td><td>Persistente<\/td><td>11 meses<\/td><td>Almacena el consentimiento para las cookies anal\u00edticas.<\/td><\/tr><tr><td>cookielawinfo-checkbox-funcional<\/td><td>Persistente<\/td><td>11 meses<\/td><td>Almacena el consentimiento para las cookies funcionales.<\/td><\/tr><tr><td>cookielawinfo-checkbox-necessary<\/td><td>Persistente<\/td><td>11 meses<\/td><td>Almacena el consentimiento para las cookies necesarias.<\/td><\/tr><tr><td>viewed_cookie_policy<\/td><td>Persistente<\/td><td>11 meses<\/td><td>Indica si el usuario ha consentido el uso de cookies.<\/td><\/tr><\/tbody><\/table><h3>\u00bfCu\u00e1nto tiempo permanecen activas las cookies o tecnolog\u00edas similares?<\/h3><p>Las cookies pueden ser:<\/p><ul><li><strong>Cookies temporales de sesi\u00f3n:<\/strong> Se eliminan cuando se cierra el navegador.<\/li><li><strong>Cookies persistentes:<\/strong> Permanecen hasta que caducan o se eliminan manualmente.<\/li><\/ul><h3>\u00bfC\u00f3mo impedir el uso de cookies y c\u00f3mo eliminarlas?<\/h3><p>Puedes configurar tus preferencias en cualquier momento a trav\u00e9s del sistema de configuraci\u00f3n de cookies integrado en este sitio web. Adem\u00e1s, la mayor\u00eda de los navegadores te permiten desactivar las cookies globalmente o para dominios espec\u00edficos. Consulta la secci\u00f3n de ayuda de tu navegador:  <\/p><ul><li><a href=\"https:\/\/support.google.com\/chrome\/answer\/95647?hl=es\">Cromo<\/a><\/li><li><a href=\"https:\/\/privacy.microsoft.com\/es-es\/windows-10-microsoft-edge-and-privacy\">Microsoft Edge<\/a><\/li><li><a href=\"https:\/\/support.mozilla.org\/es\/kb\/habilitar-y-deshabilitar-cookies-sitios-web-rastrear-preferencias\">Firefox<\/a><\/li><li><a href=\"https:\/\/support.apple.com\/kb\/PH17191?viewlocale=es_ES&amp;locale=es_ES\">Safari<\/a><\/li><li><a href=\"http:\/\/www.opera.com\/es\/help\">\u00d3pera<\/a><\/li><\/ul><p>Para m\u00e1s informaci\u00f3n, consulta nuestra Pol\u00edtica de privacidad.<\/p>\t\t\t\t\t\t\t\t<\/div>\n\t\t\t\t<\/div>\n\t\t\t\t\t<\/div>\n\t\t\t\t<\/div>\n\t\t\t\t<\/div>\n\t\t","protected":false},"excerpt":{"rendered":"<p>POL\u00cdTICA DE COOKIES Y ALMACENAMIENTO LOCAL Este sitio web utiliza cookies y tecnolog\u00edas similares para prestar el servicio, as\u00ed como para permitirnos mejorarlo mediante la obtenci\u00f3n de estad\u00edsticas sobre su uso y para otros fines. La navegaci\u00f3n por este sitio web implica necesariamente el uso de cookies y tecnolog\u00edas similares siempre que sea necesario para [&hellip;]<\/p>\n","protected":false},"author":4,"featured_media":0,"parent":0,"menu_order":0,"comment_status":"closed","ping_status":"closed","template":"","meta":{"_acf_changed":false,"inline_featured_image":false,"footnotes":""},"class_list":["post-2254","page","type-page","status-publish","hentry"],"acf":[],"yoast_head":"<!-- This site is optimized with the Yoast SEO plugin v27.4 - https:\/\/yoast.com\/product\/yoast-seo-wordpress\/ -->\n<title>\u25b7Pol\u00edtica de cookies - \u3010 Atalaya \u3011<\/title>\n<meta name=\"description\" content=\"POL\u00cdTICA DE COOKIES Y ALMACENAMIENTO LOCAL Este sitio web utiliza cookies y tecnolog\u00edas similares para prestar el servicio, as\u00ed como para permitirnos \u2713\" \/>\n<meta name=\"robots\" content=\"noindex, nofollow\" \/>\n<meta property=\"og:locale\" content=\"es_ES\" \/>\n<meta property=\"og:type\" content=\"article\" \/>\n<meta property=\"og:title\" content=\"\u25b7Pol\u00edtica de cookies - \u3010 Atalaya \u3011\" \/>\n<meta property=\"og:description\" content=\"POL\u00cdTICA DE COOKIES Y ALMACENAMIENTO LOCAL Este sitio web utiliza cookies y tecnolog\u00edas similares para prestar el servicio, as\u00ed como para permitirnos \u2713\" \/>\n<meta property=\"og:url\" content=\"https:\/\/atalayaworldwide.com\/es\/politica-de-cookies\/\" \/>\n<meta property=\"og:site_name\" content=\"Atalaya\" \/>\n<meta property=\"article:modified_time\" content=\"2025-12-18T13:16:09+00:00\" \/>\n<meta name=\"twitter:card\" content=\"summary_large_image\" \/>\n<meta name=\"twitter:label1\" content=\"Tiempo de lectura\" \/>\n\t<meta name=\"twitter:data1\" content=\"4 minutos\" \/>\n<script type=\"application\/ld+json\" class=\"yoast-schema-graph\">{\"@context\":\"https:\\\/\\\/schema.org\",\"@graph\":[{\"@type\":\"WebPage\",\"@id\":\"https:\\\/\\\/atalayaworldwide.com\\\/es\\\/politica-de-cookies\\\/\",\"url\":\"https:\\\/\\\/atalayaworldwide.com\\\/es\\\/politica-de-cookies\\\/\",\"name\":\"\u25b7Pol\u00edtica de cookies - \u3010 Atalaya \u3011\",\"isPartOf\":{\"@id\":\"https:\\\/\\\/atalayaworldwide.com\\\/#website\"},\"datePublished\":\"2021-10-18T05:29:35+00:00\",\"dateModified\":\"2025-12-18T13:16:09+00:00\",\"description\":\"POL\u00cdTICA DE COOKIES Y ALMACENAMIENTO LOCAL Este sitio web utiliza cookies y tecnolog\u00edas similares para prestar el servicio, as\u00ed como para permitirnos \u2713\",\"breadcrumb\":{\"@id\":\"https:\\\/\\\/atalayaworldwide.com\\\/es\\\/politica-de-cookies\\\/#breadcrumb\"},\"inLanguage\":\"es\",\"potentialAction\":[{\"@type\":\"ReadAction\",\"target\":[\"https:\\\/\\\/atalayaworldwide.com\\\/es\\\/politica-de-cookies\\\/\"]}]},{\"@type\":\"BreadcrumbList\",\"@id\":\"https:\\\/\\\/atalayaworldwide.com\\\/es\\\/politica-de-cookies\\\/#breadcrumb\",\"itemListElement\":[{\"@type\":\"ListItem\",\"position\":1,\"name\":\"Portada\",\"item\":\"https:\\\/\\\/atalayaworldwide.com\\\/es\\\/inicio\\\/\"},{\"@type\":\"ListItem\",\"position\":2,\"name\":\"Pol\u00edtica de cookies\"}]},{\"@type\":\"WebSite\",\"@id\":\"https:\\\/\\\/atalayaworldwide.com\\\/#website\",\"url\":\"https:\\\/\\\/atalayaworldwide.com\\\/\",\"name\":\"Atalaya\",\"description\":\"Redefining Global Movility\",\"publisher\":{\"@id\":\"https:\\\/\\\/atalayaworldwide.com\\\/#organization\"},\"potentialAction\":[{\"@type\":\"SearchAction\",\"target\":{\"@type\":\"EntryPoint\",\"urlTemplate\":\"https:\\\/\\\/atalayaworldwide.com\\\/?s={search_term_string}\"},\"query-input\":{\"@type\":\"PropertyValueSpecification\",\"valueRequired\":true,\"valueName\":\"search_term_string\"}}],\"inLanguage\":\"es\"},{\"@type\":\"Organization\",\"@id\":\"https:\\\/\\\/atalayaworldwide.com\\\/#organization\",\"name\":\"Atalaya\",\"url\":\"https:\\\/\\\/atalayaworldwide.com\\\/\",\"logo\":{\"@type\":\"ImageObject\",\"inLanguage\":\"es\",\"@id\":\"https:\\\/\\\/atalayaworldwide.com\\\/#\\\/schema\\\/logo\\\/image\\\/\",\"url\":\"https:\\\/\\\/atalayaworldwide.com\\\/wp-content\\\/uploads\\\/2021\\\/10\\\/Atalaya-Logo-Alt-4.png\",\"contentUrl\":\"https:\\\/\\\/atalayaworldwide.com\\\/wp-content\\\/uploads\\\/2021\\\/10\\\/Atalaya-Logo-Alt-4.png\",\"width\":1344,\"height\":260,\"caption\":\"Atalaya\"},\"image\":{\"@id\":\"https:\\\/\\\/atalayaworldwide.com\\\/#\\\/schema\\\/logo\\\/image\\\/\"}}]}<\/script>\n<!-- \/ Yoast SEO plugin. -->","yoast_head_json":{"title":"\u25b7Pol\u00edtica de cookies - \u3010 Atalaya \u3011","description":"POL\u00cdTICA DE COOKIES Y ALMACENAMIENTO LOCAL Este sitio web utiliza cookies y tecnolog\u00edas similares para prestar el servicio, as\u00ed como para permitirnos \u2713","robots":{"index":"noindex","follow":"nofollow"},"og_locale":"es_ES","og_type":"article","og_title":"\u25b7Pol\u00edtica de cookies - \u3010 Atalaya \u3011","og_description":"POL\u00cdTICA DE COOKIES Y ALMACENAMIENTO LOCAL Este sitio web utiliza cookies y tecnolog\u00edas similares para prestar el servicio, as\u00ed como para permitirnos \u2713","og_url":"https:\/\/atalayaworldwide.com\/es\/politica-de-cookies\/","og_site_name":"Atalaya","article_modified_time":"2025-12-18T13:16:09+00:00","twitter_card":"summary_large_image","twitter_misc":{"Tiempo de lectura":"4 minutos"},"schema":{"@context":"https:\/\/schema.org","@graph":[{"@type":"WebPage","@id":"https:\/\/atalayaworldwide.com\/es\/politica-de-cookies\/","url":"https:\/\/atalayaworldwide.com\/es\/politica-de-cookies\/","name":"\u25b7Pol\u00edtica de cookies - \u3010 Atalaya \u3011","isPartOf":{"@id":"https:\/\/atalayaworldwide.com\/#website"},"datePublished":"2021-10-18T05:29:35+00:00","dateModified":"2025-12-18T13:16:09+00:00","description":"POL\u00cdTICA DE COOKIES Y ALMACENAMIENTO LOCAL Este sitio web utiliza cookies y tecnolog\u00edas similares para prestar el servicio, as\u00ed como para permitirnos \u2713","breadcrumb":{"@id":"https:\/\/atalayaworldwide.com\/es\/politica-de-cookies\/#breadcrumb"},"inLanguage":"es","potentialAction":[{"@type":"ReadAction","target":["https:\/\/atalayaworldwide.com\/es\/politica-de-cookies\/"]}]},{"@type":"BreadcrumbList","@id":"https:\/\/atalayaworldwide.com\/es\/politica-de-cookies\/#breadcrumb","itemListElement":[{"@type":"ListItem","position":1,"name":"Portada","item":"https:\/\/atalayaworldwide.com\/es\/inicio\/"},{"@type":"ListItem","position":2,"name":"Pol\u00edtica de cookies"}]},{"@type":"WebSite","@id":"https:\/\/atalayaworldwide.com\/#website","url":"https:\/\/atalayaworldwide.com\/","name":"Atalaya","description":"Redefining Global Movility","publisher":{"@id":"https:\/\/atalayaworldwide.com\/#organization"},"potentialAction":[{"@type":"SearchAction","target":{"@type":"EntryPoint","urlTemplate":"https:\/\/atalayaworldwide.com\/?s={search_term_string}"},"query-input":{"@type":"PropertyValueSpecification","valueRequired":true,"valueName":"search_term_string"}}],"inLanguage":"es"},{"@type":"Organization","@id":"https:\/\/atalayaworldwide.com\/#organization","name":"Atalaya","url":"https:\/\/atalayaworldwide.com\/","logo":{"@type":"ImageObject","inLanguage":"es","@id":"https:\/\/atalayaworldwide.com\/#\/schema\/logo\/image\/","url":"https:\/\/atalayaworldwide.com\/wp-content\/uploads\/2021\/10\/Atalaya-Logo-Alt-4.png","contentUrl":"https:\/\/atalayaworldwide.com\/wp-content\/uploads\/2021\/10\/Atalaya-Logo-Alt-4.png","width":1344,"height":260,"caption":"Atalaya"},"image":{"@id":"https:\/\/atalayaworldwide.com\/#\/schema\/logo\/image\/"}}]}},"_links":{"self":[{"href":"https:\/\/atalayaworldwide.com\/es\/wp-json\/wp\/v2\/pages\/2254","targetHints":{"allow":["GET"]}}],"collection":[{"href":"https:\/\/atalayaworldwide.com\/es\/wp-json\/wp\/v2\/pages"}],"about":[{"href":"https:\/\/atalayaworldwide.com\/es\/wp-json\/wp\/v2\/types\/page"}],"author":[{"embeddable":true,"href":"https:\/\/atalayaworldwide.com\/es\/wp-json\/wp\/v2\/users\/4"}],"replies":[{"embeddable":true,"href":"https:\/\/atalayaworldwide.com\/es\/wp-json\/wp\/v2\/comments?post=2254"}],"version-history":[{"count":1,"href":"https:\/\/atalayaworldwide.com\/es\/wp-json\/wp\/v2\/pages\/2254\/revisions"}],"predecessor-version":[{"id":2255,"href":"https:\/\/atalayaworldwide.com\/es\/wp-json\/wp\/v2\/pages\/2254\/revisions\/2255"}],"wp:attachment":[{"href":"https:\/\/atalayaworldwide.com\/es\/wp-json\/wp\/v2\/media?parent=2254"}],"curies":[{"name":"wp","href":"https:\/\/api.w.org\/{rel}","templated":true}]}}